{"id":1977,"date":"2020-02-16T10:13:06","date_gmt":"2020-02-16T09:13:06","guid":{"rendered":"http:\/\/winnenisbelangrijkerdanmeedoen.nl\/wordpress\/?page_id=1977"},"modified":"2026-02-19T17:06:45","modified_gmt":"2026-02-19T16:06:45","slug":"sportbucketlist","status":"publish","type":"page","link":"http:\/\/winnenisbelangrijkerdanmeedoen.nl\/wordpress\/sportbucketlist\/","title":{"rendered":"Sportbucketlist"},"content":{"rendered":"<p><em>Tel je zegeningen! Daarom een lijst met reeds bezochte bijzondere wedstrijden en sportlocaties. (Under construction)<\/em><\/p>\n<h5><strong>Sportevenementen algemeen<\/strong><\/h5>\n<ul>\n<li><strong>Tour de France 1997<\/strong> 21e etappe&nbsp;Disneyland &#8211; Parijs<\/li>\n<li><strong>WK Hockey 1998<\/strong>&nbsp;Diverse poulewedstrijden, Galgenwaard, Utrecht<\/li>\n<li><strong>ABN AMRO World Tennis Tournament 2002&nbsp;<\/strong>Ahoy, Rotterdam<\/li>\n<li><strong>Zesdaagse Rotterdam 2004&nbsp;<\/strong>Ahoy<\/li>\n<li><strong>Tour de France 2015<\/strong>&nbsp;1e etappe tijdrit Utrecht &amp; 2e etappe Utrecht &#8211; Neeltje Jans<\/li>\n<li><strong>Biatlon World Cup 2017&nbsp;<\/strong>Sprint, achtervolging en massastart, Holmenkollen, Oslo<\/li>\n<li><strong>TT Assen 2017<\/strong> Moto GP-race gewonnen door&nbsp;Valentino Rossi<\/li>\n<li><strong>EK Hockey 2017<\/strong> Finale Nederland &#8211; Belgi\u00eb<\/li>\n<li><strong>WK Kwalificatie volleybal 2017&nbsp;<\/strong>Nederland &#8211; Griekenland (vrouwen), Topsportcentrum Rotterdam<strong>&nbsp;<\/strong><\/li>\n<li><strong>Olympisch kwalificatietoernooi schaatsen 2018<\/strong>&nbsp;1500 meter (mannen) en 5 km (vrouwen) Thialf, Heerenveen<strong>&nbsp;<\/strong><\/li>\n<li><strong>EK Beachvolleybal<\/strong>&nbsp;<strong>2018<\/strong> Neude, Utrecht<\/li>\n<li><strong>Tour de France 2018<\/strong> 15e etappe&nbsp; Millau \u2013 Carcassonne<\/li>\n<li><strong>PC 2018<\/strong> Kaatsen<\/li>\n<li><strong>Biatlon Auf Schalke 2018<\/strong> Veltins Arena, Gelsenkirchen<\/li>\n<li><strong>NHL&nbsp;<\/strong><strong>IJshockey 2019&nbsp;<\/strong>Chicago Blackhawks &#8211; Tampa Bay Lighting<\/li>\n<li><strong>NBA Basketbal 2019&nbsp;<\/strong>Chicago Bulls &#8211; Portland Trail Blazers&nbsp;<\/li>\n<li><strong>Vuelta a Espa\u00f1a 2021 <\/strong>Ploegentijdrit Utrecht &#8211; Utrecht &amp; 2e etappe Den Bosch &#8211; Utrecht&nbsp;<\/li>\n<\/ul>\n<p>&nbsp;<\/p>\n<h5><strong>Voetbalwedstrijden<\/strong><\/h5>\n<ul>\n<li><strong>Eredivisie<\/strong> 2000-heden: meeste thuiswedstrijden FC Utrecht, Stadion Galgenwaard<\/li>\n<li><strong>KNVB Bekerfinale<\/strong>&nbsp;FC Utrecht &#8211; Ajax 2002, FC Utrecht &#8211; Feyenoord 2003, FC Twente &#8211; FC Utrecht 2003, Feyenoord &#8211; FC Utrecht 2016, De Kuip, Rotterdam<\/li>\n<li><strong>UEFA Cup Finale<\/strong> Feyenoord &#8211; Borussia Dortmund 2002, De Kuip Rotterdam<\/li>\n<li><strong>Johan Cruijffschaal<\/strong> PSV &#8211; FC Utrecht 2003, Ajax &#8211; FC Utrecht 2004, Amsterdam ArenA<\/li>\n<li><strong>UEFA Europa League&nbsp;<\/strong>Liverpool &#8211; FC Utrecht 2010, Anfield<\/li>\n<li><strong>Premier League&nbsp;<\/strong>Arsenal &#8211; Everton 2018-&#8217;19, Emirates Stadium<\/li>\n<li><strong>Primera Division<\/strong>&nbsp;FC Barcelona &#8211; Celta de Vigo 1999-&#8217;00, Camp Nou<strong>&nbsp;<\/strong><\/li>\n<li><strong>Kwalificatiewedstrijden EK 2004 (mannen)&nbsp;<\/strong>Nederland &#8211; Macedoni\u00eb, Philips Stadion Eindhoven, Nederland &#8211; Schotland, Amsterdam Arena<\/li>\n<li><strong>Kwalificatiewedstrijd WK 2006 (mannen)<\/strong>&nbsp;Nederland &#8211; Finland, Amsterdam ArenA<\/li>\n<li><strong>Oefeninterland Nederland &#8211; Liechtenstein (mannen)<\/strong>&nbsp;2004, Galgenwaard, Utrecht<\/li>\n<li><strong>EK voetbal 2017 (vrouwen)<\/strong>&nbsp;Nederland &#8211; Noorwegen, Galgenwaard, Utrecht<\/li>\n<li><strong>Play-off kwalificatie WK 2019 (vrouwen)<\/strong>&nbsp;Nederland -Denemarken, Galgenwaard<\/li>\n<li><strong>Finale WK 2019 (vrouwen)<\/strong>&nbsp;Verenigde Staten &#8211; Nederland, Groupama Stadion, Lyon<strong>&nbsp;<\/strong><\/li>\n<li><strong>Algarve Cup 2018&nbsp;<\/strong>Denemarken &#8211; Nederland,&nbsp;VRS Ant\u00f3nio Sports Complex, Vila Real de Santo Ant\u00f3nio<\/li>\n<li><strong>Nations League vrouwen 2023<\/strong> Nederland &#8211; Engeland, Galgenwaard, Utrecht&nbsp;<\/li>\n<li><strong>UEFA Europa League 2025-&#8217;26<\/strong> FC Utrecht &#8211; Zrinsjki, FC Utrecht &#8211; Porto, FC Utrecht &#8211; Nottingham Forrest &amp; Celtic &#8211; FC Utrecht<\/li>\n<\/ul>\n<h5>&nbsp;&nbsp;<\/h5>\n<h5><b>Olympische Spelen 2012, Londen<\/b><\/h5>\n<ul>\n<li><strong>Beachvolleybal<\/strong>&nbsp;Horse Guards Parade<\/li>\n<li><strong>Judo<\/strong>&nbsp;ExCel Arena<\/li>\n<li><strong>Hockey<\/strong> (vrouwen) Nederland &#8211; Belgi\u00eb, Riverbank Arena<\/li>\n<li><strong>Wielrennen wegwedstrijd<\/strong> (vrouwen)<\/li>\n<li><strong>Tennis<\/strong>&nbsp;Federer &#8211; Benneteau &amp; Azarenka &#8211;&nbsp;Begu, Wimbledon Centre Court<\/li>\n<li><strong>Holland Heineken Huis<\/strong> Alexandra Palaca<\/li>\n<\/ul>\n<h5>&nbsp;<\/h5>\n<h5><b>Olympische Spelen 2016, Rio de Janeiro<\/b><\/h5>\n<ul>\n<li><strong>Hockey<\/strong> (mannen) Nederland &#8211; Argentini\u00eb,&nbsp;Centro Ol\u00edmpico de H\u00f3quei<\/li>\n<li><strong>Beachvolleybal&nbsp;<\/strong>Est\u00e1dio de Copacabana<\/li>\n<li><strong>Zwemmen&nbsp;<\/strong>finale 4x 100 meter vrije slag (vrouwen), Est\u00e1dio Aqu\u00e1tico Ol\u00edmpico<\/li>\n<li><strong>Rugby Sevens <\/strong>&nbsp;(vrouwen en mannen),&nbsp;Est\u00e1dio de Deodoro<\/li>\n<li><strong>Tennis&nbsp;<\/strong>(vrouwen en mannen),&nbsp;Samantha Stosur, Madison Keys, Gael Monfils, Centro Ol\u00edmpico de T\u00eanis<\/li>\n<li><strong>Judo&nbsp;<\/strong>Arena Carioca 2<\/li>\n<li><strong>Handbal<\/strong> Nederland &#8211; Argentini\u00eb (vrouwen),&nbsp;Arena do Futuro<\/li>\n<li><strong>Turnen<\/strong> finale landenwedstrijd (vrouwen),&nbsp;Rio Arena<\/li>\n<li><strong>Boogschieten&nbsp;<\/strong>Samb\u00f3dromo da Marqu\u00eas de Sapuca\u00ed<\/li>\n<li><strong>Holland Heineken Huis <\/strong>Clube Monte Libano<\/li>\n<\/ul>\n<h5><strong>Olympische Spelen 2024, Parijs<\/strong><\/h5>\n<ul>\n<li><strong>Wielrennen<\/strong> tijdrit (vrouwen), Place de la Bastille<\/li>\n<li><strong>Tennis<\/strong> oa Maria Sakkari, Danka Kovinic, Viktorija Golubic, Jessica Pegula (vrouwen, Casper Ruud, Gael Monfils, Lorenzo Musetti, Andy Murray, Robin Haase, Wesley Koolhof, Tallon Griekspoor, Daniil Medvedev (mannen), Roland Garros<\/li>\n<li><strong>Rugby sevens<\/strong>&nbsp; vrouwen incl finale Canada &#8211; Nieuw Zeeland, Stade de France<\/li>\n<li><strong>Triatlon<\/strong> (mannen), Pont Alexandre III<\/li>\n<li><strong>Boogschieten <\/strong>(mannen en vrouwen) oa Quinty Roeffen, Esplanade de Invalides<\/li>\n<li><strong>Beachvolleybal<\/strong> (mannen en vrouwen) Eiffeltoren stadion<\/li>\n<li><strong>Roeien<\/strong> skiff, dubbeltwee en tweezonder (mannen en vrouwen) incl. goud Ymkje Clevering en Veronique Meester, Vaires sur Marne<\/li>\n<li><strong>Wielrennen<\/strong> wegwedstrijd (mannen) 2x, Avenue des Gobelins<\/li>\n<li><strong>Wielrennen<\/strong> wegwedstrijd (vrouwen) Avenue des Gobelins<\/li>\n<li><strong>Atletiek<\/strong> oa finales 100 meter (m), kogelslingeren (m), hoogspringen (v), 800 m (v), Stade de France<\/li>\n<li><strong>Atletiek<\/strong> oa finales 200 meter (v), verspringen (m), 1500 meter (m), 3000 meter steeple chase (v), kogelslingeren (v), 400 meter horden halve finales (v), 400 meter (m), Stade de France<\/li>\n<li><strong>Hockey<\/strong> halve finale Nederland- Argentini\u00eb&nbsp;(vrouwen), Stade Olympique Yves du Manoir, Colombes<\/li>\n<li><span style=\"font-size: revert;\"><strong>Hockey<\/strong> finale Duitsland &#8211; Nederland (mannen), Stade Olympique Yves du Manoir, Colombes<\/span><\/li>\n<li><span style=\"font-size: revert;\"><strong>Hockey<\/strong> finale Nederland &#8211; China (vrouwen), Stade Olympique Yves du Manoir, Colombes<\/span><\/li>\n<li><strong><span style=\"font-size: revert;\">Waterpolo&nbsp;<\/span><\/strong><span style=\"font-size: revert;\">bronzen finale Verenigde Staten &#8211; Nederland (v), La D\u00e9fense Arena<\/span><\/li>\n<li><strong><span style=\"font-size: revert;\">Marathon <\/span><\/strong><span style=\"font-size: revert;\">vrouwen, <\/span><span style=\"font-size: revert;\">finish <\/span><span style=\"font-size: revert;\">Esplanade de Invalides<\/span><\/li>\n<li><strong><span style=\"font-size: revert;\">Sluitingsceremonie <\/span><\/strong><span style=\"font-size: revert;\">Stade de France<\/span><\/li>\n<li><strong>TeamNL Huis&nbsp;<\/strong>Z\u00e9nith Paris<\/li>\n<\/ul>\n<h5><strong>Olympische Spelen 2026, Milaan<\/strong><\/h5>\n<ul>\n<li><strong>IJshockey<\/strong> Verenigde Staten &#8211; Tsjechi\u00eb (vrouwen), Milano Rho Ice Hockey Arena<\/li>\n<li><strong>Openingsceremonie<\/strong> San Siro Stadion<\/li>\n<li><strong>Schaatsen<\/strong> 5000 meter (mannen), Milano Speedskating Stadium<\/li>\n<li><strong>Schaatsen<\/strong> 3000 meter (vrouwen), Milano Speedskating Stadium<\/li>\n<\/ul>\n<h5><strong>Olympische stadions\/locaties<\/strong><\/h5>\n<ul>\n<li class=\"p1\">Stadion Panathinaiko&nbsp;<strong>Athene 1896<\/strong><\/li>\n<li class=\"p1\">Olympisch Stadion&nbsp;<strong>Stockholm 1912<\/strong><\/li>\n<li>Olympisch Stadion&nbsp;<strong>Amsterdam 1928<\/strong><\/li>\n<li class=\"p1\">Olympia Stadion&nbsp;<strong>Berlijn 1936<\/strong><\/li>\n<li>Stadio Olimpico&nbsp;<strong>Rome 1960<\/strong><\/li>\n<li class=\"p1\">Estadi Ol\u00edmpic Llu\u00eds Companys&nbsp;<strong>Barcelona 1992<\/strong><\/li>\n<li class=\"p1\">Olympic Stadium&nbsp;<strong>Londen 2012<\/strong><\/li>\n<li>Olympic Parc, Nordic Centre en Oval&nbsp;<strong>Calgary 1988&nbsp;<\/strong><\/li>\n<li>Holmenkollen Nordic Centre en skischans&nbsp;<strong>Oslo 1952<\/strong><\/li>\n<li><strong>Albertville 1992<\/strong><\/li>\n<\/ul>\n<h5>&nbsp;<\/h5>\n<h5><strong>Stadions Nederland<\/strong><\/h5>\n<ul>\n<li><strong>Galgenwaard<\/strong> Utrecht<\/li>\n<li><strong>De Kuip<\/strong> Rotterdam<\/li>\n<li><strong>Amsterdam\/ Johan Cruijff Arena<\/strong><\/li>\n<li><strong>Philips Stadion<\/strong>&nbsp;Eindhoven<\/li>\n<li><strong>De Adelaarshorst<\/strong> Deventer<\/li>\n<li><strong>Rat Verlegh-stadion<\/strong> Breda<\/li>\n<li><strong>PEC Zwolle-stadion<\/strong><\/li>\n<li><strong>Excelsior-stadion<\/strong> Rotterdam<\/li>\n<li><strong>Abe Lenstra Stadion<\/strong> Heerenveen<\/li>\n<li><strong>Zuiderpark<\/strong> Den Haag<\/li>\n<li><strong>Koning Willem II-stadion<\/strong> Tilburg<\/li>\n<li><strong>Heracles-stadion&nbsp;<\/strong>Almelo<\/li>\n<li><strong>Mandemakersstadion<\/strong> Waalwijk<\/li>\n<\/ul>\n<h5><strong>Stadions Buitenland<\/strong><\/h5>\n<ul>\n<li><strong>Camp Nou<\/strong> Barcelona<\/li>\n<li><strong>Anfield<\/strong> Liverpool<\/li>\n<li><strong>Emirates stadium&nbsp;<\/strong>Londen<\/li>\n<li><strong>Celtic Park&nbsp;<\/strong>Glasgow<\/li>\n<li><strong>San Siro&nbsp;<\/strong>Milaan<\/li>\n<\/ul>\n<h5><b>Huldigingen<\/b><\/h5>\n<ul>\n<li>Olympische Spelen 2000 Den Haag<\/li>\n<li>Olympische Spelen 2002 Den Haag<\/li>\n<li>Jochem Uytdehaage 2002 Utrecht<\/li>\n<li>KNVB Beker FC Utrecht 2003<\/li>\n<li>KNVB Beker&nbsp;FC Utrecht 2004<\/li>\n<li>Ploegenpresentatie Tour de France 2015 Utrecht<\/li>\n<li>Europees kampioenschap vrouwen 2017 Utrecht<\/li>\n<\/ul>\n<p>&nbsp;<\/p>\n<h5><b>Overige locaties<\/b><\/h5>\n<ul>\n<li>Hahnenkamm <strong>Kitzb\u00fchel<\/strong><\/li>\n<\/ul>\n<p>&nbsp;<\/p>\n","protected":false},"excerpt":{"rendered":"<p>Tel je zegeningen! Daarom een lijst met reeds bezochte bijzondere wedstrijden en sportlocaties. (Under construction) Sportevenementen algemeen Tour de France 1997 21e etappe&nbsp;Disneyland &#8211; Parijs WK Hockey 1998&nbsp;Diverse poulewedstrijden, Galgenwaard, Utrecht ABN AMRO World Tennis Tournament 2002&nbsp;Ahoy, Rotterdam Zesdaagse Rotterdam 2004&nbsp;Ahoy Tour de France 2015&nbsp;1e etappe tijdrit Utrecht &amp; 2e etappe Utrecht &#8211; Neeltje Jans [&hellip;]<\/p>\n","protected":false},"author":1,"featured_media":0,"parent":0,"menu_order":0,"comment_status":"closed","ping_status":"closed","template":"","meta":{"ngg_post_thumbnail":0,"jetpack_post_was_ever_published":false,"footnotes":""},"yoast_head":"<!-- This site is optimized with the Yoast SEO plugin v22.9 - https:\/\/yoast.com\/wordpress\/plugins\/seo\/ -->\n<title>Sportbucketlist - Winnen is belangrijker dan meedoen<\/title>\n<meta name=\"robots\" content=\"index, follow, max-snippet:-1, max-image-preview:large, max-video-preview:-1\" \/>\n<link rel=\"canonical\" href=\"https:\/\/winnenisbelangrijkerdanmeedoen.nl\/wordpress\/sportbucketlist\/\" \/>\n<meta property=\"og:locale\" content=\"nl_NL\" \/>\n<meta property=\"og:type\" content=\"article\" \/>\n<meta property=\"og:title\" content=\"Sportbucketlist - Winnen is belangrijker dan meedoen\" \/>\n<meta property=\"og:description\" content=\"Tel je zegeningen! Daarom een lijst met reeds bezochte bijzondere wedstrijden en sportlocaties. (Under construction) Sportevenementen algemeen Tour de France 1997 21e etappe&nbsp;Disneyland &#8211; Parijs WK Hockey 1998&nbsp;Diverse poulewedstrijden, Galgenwaard, Utrecht ABN AMRO World Tennis Tournament 2002&nbsp;Ahoy, Rotterdam Zesdaagse Rotterdam 2004&nbsp;Ahoy Tour de France 2015&nbsp;1e etappe tijdrit Utrecht &amp; 2e etappe Utrecht &#8211; Neeltje Jans [&hellip;]\" \/>\n<meta property=\"og:url\" content=\"https:\/\/winnenisbelangrijkerdanmeedoen.nl\/wordpress\/sportbucketlist\/\" \/>\n<meta property=\"og:site_name\" content=\"Winnen is belangrijker dan meedoen\" \/>\n<meta property=\"article:modified_time\" content=\"2026-02-19T16:06:45+00:00\" \/>\n<meta name=\"twitter:card\" content=\"summary_large_image\" \/>\n<meta name=\"twitter:site\" content=\"@goorkate\" \/>\n<meta name=\"twitter:label1\" content=\"Est. reading time\" \/>\n\t<meta name=\"twitter:data1\" content=\"5 minutes\" \/>\n<script type=\"application\/ld+json\" class=\"yoast-schema-graph\">{\"@context\":\"https:\/\/schema.org\",\"@graph\":[{\"@type\":\"WebPage\",\"@id\":\"https:\/\/winnenisbelangrijkerdanmeedoen.nl\/wordpress\/sportbucketlist\/\",\"url\":\"https:\/\/winnenisbelangrijkerdanmeedoen.nl\/wordpress\/sportbucketlist\/\",\"name\":\"Sportbucketlist - Winnen is belangrijker dan meedoen\",\"isPartOf\":{\"@id\":\"http:\/\/winnenisbelangrijkerdanmeedoen.nl\/wordpress\/#website\"},\"datePublished\":\"2020-02-16T09:13:06+00:00\",\"dateModified\":\"2026-02-19T16:06:45+00:00\",\"breadcrumb\":{\"@id\":\"https:\/\/winnenisbelangrijkerdanmeedoen.nl\/wordpress\/sportbucketlist\/#breadcrumb\"},\"inLanguage\":\"nl\",\"potentialAction\":[{\"@type\":\"ReadAction\",\"target\":[\"https:\/\/winnenisbelangrijkerdanmeedoen.nl\/wordpress\/sportbucketlist\/\"]}]},{\"@type\":\"BreadcrumbList\",\"@id\":\"https:\/\/winnenisbelangrijkerdanmeedoen.nl\/wordpress\/sportbucketlist\/#breadcrumb\",\"itemListElement\":[{\"@type\":\"ListItem\",\"position\":1,\"name\":\"Home\",\"item\":\"http:\/\/winnenisbelangrijkerdanmeedoen.nl\/wordpress\/\"},{\"@type\":\"ListItem\",\"position\":2,\"name\":\"Sportbucketlist\"}]},{\"@type\":\"WebSite\",\"@id\":\"http:\/\/winnenisbelangrijkerdanmeedoen.nl\/wordpress\/#website\",\"url\":\"http:\/\/winnenisbelangrijkerdanmeedoen.nl\/wordpress\/\",\"name\":\"Winnen is belangrijker dan meedoen\",\"description\":\"De Tour wacht op niemand ...\",\"potentialAction\":[{\"@type\":\"SearchAction\",\"target\":{\"@type\":\"EntryPoint\",\"urlTemplate\":\"http:\/\/winnenisbelangrijkerdanmeedoen.nl\/wordpress\/?s={search_term_string}\"},\"query-input\":\"required name=search_term_string\"}],\"inLanguage\":\"nl\"}]}<\/script>\n<!-- \/ Yoast SEO plugin. -->","yoast_head_json":{"title":"Sportbucketlist - Winnen is belangrijker dan meedoen","robots":{"index":"index","follow":"follow","max-snippet":"max-snippet:-1","max-image-preview":"max-image-preview:large","max-video-preview":"max-video-preview:-1"},"canonical":"https:\/\/winnenisbelangrijkerdanmeedoen.nl\/wordpress\/sportbucketlist\/","og_locale":"nl_NL","og_type":"article","og_title":"Sportbucketlist - Winnen is belangrijker dan meedoen","og_description":"Tel je zegeningen! Daarom een lijst met reeds bezochte bijzondere wedstrijden en sportlocaties. (Under construction) Sportevenementen algemeen Tour de France 1997 21e etappe&nbsp;Disneyland &#8211; Parijs WK Hockey 1998&nbsp;Diverse poulewedstrijden, Galgenwaard, Utrecht ABN AMRO World Tennis Tournament 2002&nbsp;Ahoy, Rotterdam Zesdaagse Rotterdam 2004&nbsp;Ahoy Tour de France 2015&nbsp;1e etappe tijdrit Utrecht &amp; 2e etappe Utrecht &#8211; Neeltje Jans [&hellip;]","og_url":"https:\/\/winnenisbelangrijkerdanmeedoen.nl\/wordpress\/sportbucketlist\/","og_site_name":"Winnen is belangrijker dan meedoen","article_modified_time":"2026-02-19T16:06:45+00:00","twitter_card":"summary_large_image","twitter_site":"@goorkate","twitter_misc":{"Est. reading time":"5 minutes"},"schema":{"@context":"https:\/\/schema.org","@graph":[{"@type":"WebPage","@id":"https:\/\/winnenisbelangrijkerdanmeedoen.nl\/wordpress\/sportbucketlist\/","url":"https:\/\/winnenisbelangrijkerdanmeedoen.nl\/wordpress\/sportbucketlist\/","name":"Sportbucketlist - Winnen is belangrijker dan meedoen","isPartOf":{"@id":"http:\/\/winnenisbelangrijkerdanmeedoen.nl\/wordpress\/#website"},"datePublished":"2020-02-16T09:13:06+00:00","dateModified":"2026-02-19T16:06:45+00:00","breadcrumb":{"@id":"https:\/\/winnenisbelangrijkerdanmeedoen.nl\/wordpress\/sportbucketlist\/#breadcrumb"},"inLanguage":"nl","potentialAction":[{"@type":"ReadAction","target":["https:\/\/winnenisbelangrijkerdanmeedoen.nl\/wordpress\/sportbucketlist\/"]}]},{"@type":"BreadcrumbList","@id":"https:\/\/winnenisbelangrijkerdanmeedoen.nl\/wordpress\/sportbucketlist\/#breadcrumb","itemListElement":[{"@type":"ListItem","position":1,"name":"Home","item":"http:\/\/winnenisbelangrijkerdanmeedoen.nl\/wordpress\/"},{"@type":"ListItem","position":2,"name":"Sportbucketlist"}]},{"@type":"WebSite","@id":"http:\/\/winnenisbelangrijkerdanmeedoen.nl\/wordpress\/#website","url":"http:\/\/winnenisbelangrijkerdanmeedoen.nl\/wordpress\/","name":"Winnen is belangrijker dan meedoen","description":"De Tour wacht op niemand ...","potentialAction":[{"@type":"SearchAction","target":{"@type":"EntryPoint","urlTemplate":"http:\/\/winnenisbelangrijkerdanmeedoen.nl\/wordpress\/?s={search_term_string}"},"query-input":"required name=search_term_string"}],"inLanguage":"nl"}]}},"jetpack_sharing_enabled":true,"jetpack_shortlink":"https:\/\/wp.me\/P7EUj6-vT","jetpack-related-posts":[],"_links":{"self":[{"href":"http:\/\/winnenisbelangrijkerdanmeedoen.nl\/wordpress\/wp-json\/wp\/v2\/pages\/1977"}],"collection":[{"href":"http:\/\/winnenisbelangrijkerdanmeedoen.nl\/wordpress\/wp-json\/wp\/v2\/pages"}],"about":[{"href":"http:\/\/winnenisbelangrijkerdanmeedoen.nl\/wordpress\/wp-json\/wp\/v2\/types\/page"}],"author":[{"embeddable":true,"href":"http:\/\/winnenisbelangrijkerdanmeedoen.nl\/wordpress\/wp-json\/wp\/v2\/users\/1"}],"replies":[{"embeddable":true,"href":"http:\/\/winnenisbelangrijkerdanmeedoen.nl\/wordpress\/wp-json\/wp\/v2\/comments?post=1977"}],"version-history":[{"count":28,"href":"http:\/\/winnenisbelangrijkerdanmeedoen.nl\/wordpress\/wp-json\/wp\/v2\/pages\/1977\/revisions"}],"predecessor-version":[{"id":2645,"href":"http:\/\/winnenisbelangrijkerdanmeedoen.nl\/wordpress\/wp-json\/wp\/v2\/pages\/1977\/revisions\/2645"}],"wp:attachment":[{"href":"http:\/\/winnenisbelangrijkerdanmeedoen.nl\/wordpress\/wp-json\/wp\/v2\/media?parent=1977"}],"curies":[{"name":"wp","href":"https:\/\/api.w.org\/{rel}","templated":true}]}}